{"id":75,"date":"2020-05-27T06:37:57","date_gmt":"2020-05-27T06:37:57","guid":{"rendered":"https:\/\/jupiterx.artbees.net\/loan\/?page_id=75"},"modified":"2024-06-20T19:19:38","modified_gmt":"2024-06-21T00:19:38","slug":"about","status":"publish","type":"page","link":"https:\/\/sygsuministros.com\/index.php\/about\/","title":{"rendered":"About"},"content":{"rendered":"\t\t<div data-elementor-type=\"wp-page\" data-elementor-id=\"75\" class=\"elementor elementor-75\">\n\t\t\t\t\t\t<section class=\"elementor-section elementor-top-section elementor-element elementor-element-46e266c elementor-section-boxed elementor-section-height-default elementor-section-height-default\" data-id=\"46e266c\" data-element_type=\"section\" data-settings=\"{&quot;background_background&quot;:&quot;classic&quot;}\">\n\t\t\t\t\t\t\t<div class=\"elementor-background-overlay\"><\/div>\n\t\t\t\t\t\t\t<div class=\"elementor-container elementor-column-gap-no\">\n\t\t\t\t\t<div class=\"elementor-column elementor-col-100 elementor-top-column elementor-element elementor-element-2ee8ffb\" data-id=\"2ee8ffb\" data-element_type=\"column\">\n\t\t\t<div class=\"elementor-widget-wrap elementor-element-populated\">\n\t\t\t\t\t\t<div class=\"elementor-element elementor-element-27c5643 elementor-widget elementor-widget-heading\" data-id=\"27c5643\" data-element_type=\"widget\" data-widget_type=\"heading.default\">\n\t\t\t\t<div class=\"elementor-widget-container\">\n\t\t\t<style>\/*! elementor - v3.21.0 - 26-05-2024 *\/\n.elementor-heading-title{padding:0;margin:0;line-height:1}.elementor-widget-heading .elementor-heading-title[class*=elementor-size-]>a{color:inherit;font-size:inherit;line-height:inherit}.elementor-widget-heading .elementor-heading-title.elementor-size-small{font-size:15px}.elementor-widget-heading .elementor-heading-title.elementor-size-medium{font-size:19px}.elementor-widget-heading .elementor-heading-title.elementor-size-large{font-size:29px}.elementor-widget-heading .elementor-heading-title.elementor-size-xl{font-size:39px}.elementor-widget-heading .elementor-heading-title.elementor-size-xxl{font-size:59px}<\/style><h1 class=\"elementor-heading-title elementor-size-default\">Nosotros<\/h1>\t\t<\/div>\n\t\t\t\t<\/div>\n\t\t\t\t<div class=\"elementor-element elementor-element-2d8fef6 elementor-align-center elementor-widget elementor-widget-raven-breadcrumbs\" data-id=\"2d8fef6\" data-element_type=\"widget\" data-widget_type=\"raven-breadcrumbs.default\">\n\t\t\t\t<div class=\"elementor-widget-container\">\n\t\t\t<div class=\"raven-breadcrumbs raven-breadcrumbs-default\"><div class=\"breadcrumb\">\t\t\t\t<div class=\"breadcrumb-item active\" aria-current=\"page\"><span>Home<\/span><\/div>\n\n\t\t\t\t<\/div><\/div>\t\t<\/div>\n\t\t\t\t<\/div>\n\t\t\t\t\t<\/div>\n\t\t<\/div>\n\t\t\t\t\t<\/div>\n\t\t<\/section>\n\t\t\t\t<section class=\"elementor-section elementor-top-section elementor-element elementor-element-b1e9e03 elementor-section-boxed elementor-section-height-default elementor-section-height-default\" data-id=\"b1e9e03\" data-element_type=\"section\">\n\t\t\t\t\t\t<div class=\"elementor-container elementor-column-gap-no\">\n\t\t\t\t\t<div class=\"elementor-column elementor-col-100 elementor-top-column elementor-element elementor-element-58f3984\" data-id=\"58f3984\" data-element_type=\"column\">\n\t\t\t<div class=\"elementor-widget-wrap elementor-element-populated\">\n\t\t\t\t\t\t<div class=\"elementor-element elementor-element-50e4611 elementor-widget elementor-widget-heading\" data-id=\"50e4611\" data-element_type=\"widget\" data-widget_type=\"heading.default\">\n\t\t\t\t<div class=\"elementor-widget-container\">\n\t\t\t<span class=\"elementor-heading-title elementor-size-default\">NUESTRA EMPRESA<\/span>\t\t<\/div>\n\t\t\t\t<\/div>\n\t\t\t\t<div class=\"elementor-element elementor-element-1b1aa99 elementor-widget elementor-widget-heading\" data-id=\"1b1aa99\" data-element_type=\"widget\" data-widget_type=\"heading.default\">\n\t\t\t\t<div class=\"elementor-widget-container\">\n\t\t\t<h3 class=\"elementor-heading-title elementor-size-default\">En S&G Suministros somos l\u00edderes en el sector de suministro multifuncional. Nuestra dedicaci\u00f3n a la excelencia y la satisfacci\u00f3n del cliente nos distingue en el mercado.<\/h3>\t\t<\/div>\n\t\t\t\t<\/div>\n\t\t\t\t\t<\/div>\n\t\t<\/div>\n\t\t\t\t\t<\/div>\n\t\t<\/section>\n\t\t<div class=\"elementor-element elementor-element-435d4ad e-flex e-con-boxed e-con e-parent\" data-id=\"435d4ad\" data-element_type=\"container\" data-settings=\"{&quot;background_background&quot;:&quot;classic&quot;}\">\n\t\t\t\t\t<div class=\"e-con-inner\">\n\t\t<div class=\"elementor-element elementor-element-99c2820 e-con-full e-flex e-con e-child\" data-id=\"99c2820\" data-element_type=\"container\">\n\t\t\t\t<div class=\"elementor-element elementor-element-b544541 elementor-widget elementor-widget-heading\" data-id=\"b544541\" data-element_type=\"widget\" data-widget_type=\"heading.default\">\n\t\t\t\t<div class=\"elementor-widget-container\">\n\t\t\t<h2 class=\"elementor-heading-title elementor-size-default\">Misi\u00f3n<\/h2>\t\t<\/div>\n\t\t\t\t<\/div>\n\t\t\t\t<div class=\"elementor-element elementor-element-a4111df elementor-widget elementor-widget-text-editor\" data-id=\"a4111df\" data-element_type=\"widget\" data-widget_type=\"text-editor.default\">\n\t\t\t\t<div class=\"elementor-widget-container\">\n\t\t\t<style>\/*! elementor - v3.21.0 - 26-05-2024 *\/\n.elementor-widget-text-editor.elementor-drop-cap-view-stacked .elementor-drop-cap{background-color:#69727d;color:#fff}.elementor-widget-text-editor.elementor-drop-cap-view-framed .elementor-drop-cap{color:#69727d;border:3px solid;background-color:transparent}.elementor-widget-text-editor:not(.elementor-drop-cap-view-default) .elementor-drop-cap{margin-top:8px}.elementor-widget-text-editor:not(.elementor-drop-cap-view-default) .elementor-drop-cap-letter{width:1em;height:1em}.elementor-widget-text-editor .elementor-drop-cap{float:left;text-align:center;line-height:1;font-size:50px}.elementor-widget-text-editor .elementor-drop-cap-letter{display:inline-block}<\/style>\t\t\t\t<div class=\"flex flex-grow flex-col max-w-full\"><div class=\"min-h-[20px] text-message flex flex-col items-start whitespace-pre-wrap break-words [.text-message+&amp;]:mt-5 juice:w-full juice:items-end overflow-x-auto gap-2\" dir=\"auto\" data-message-author-role=\"assistant\" data-message-id=\"9c70c015-0670-4f57-815f-a4e2f4b4bc31\"><div class=\"flex w-full flex-col gap-1 juice:empty:hidden juice:first:pt-[3px]\"><div class=\"markdown prose w-full break-words dark:prose-invert light\"><p><span style=\"vertical-align: inherit;\"><span style=\"vertical-align: inherit;\">Ofrecer servicios de calidad mediante un equipo capacitado, permitiendo a los clientes enfocarse en su crecimiento mientras nos encargamos de ejecutar sus proyectos con excelencia, satisfaciendo sus necesidades y expectativas.<\/span><\/span><\/p><\/div><\/div><\/div><\/div>\t\t\t\t\t\t<\/div>\n\t\t\t\t<\/div>\n\t\t\t\t<\/div>\n\t\t<div class=\"elementor-element elementor-element-6b23a01 e-con-full e-flex e-con e-child\" data-id=\"6b23a01\" data-element_type=\"container\">\n\t\t\t\t<div class=\"elementor-element elementor-element-c4a8526 elementor-widget elementor-widget-heading\" data-id=\"c4a8526\" data-element_type=\"widget\" data-widget_type=\"heading.default\">\n\t\t\t\t<div class=\"elementor-widget-container\">\n\t\t\t<h2 class=\"elementor-heading-title elementor-size-default\">Visi\u00f3n<\/h2>\t\t<\/div>\n\t\t\t\t<\/div>\n\t\t\t\t<div class=\"elementor-element elementor-element-b4ca689 elementor-widget elementor-widget-text-editor\" data-id=\"b4ca689\" data-element_type=\"widget\" data-widget_type=\"text-editor.default\">\n\t\t\t\t<div class=\"elementor-widget-container\">\n\t\t\t\t\t\t\t<p>Posicionarnos como l\u00edderes para el a\u00f1o 2030 en la prestaci\u00f3n de servicios con altos est\u00e1ndares de calidad y profesionalismo, mediante la innovaci\u00f3n continua y la seguridad en todos los procesos, fortaleciendo relaciones estables y contribuyendo al crecimiento empresarial y social.<\/p>\t\t\t\t\t\t<\/div>\n\t\t\t\t<\/div>\n\t\t\t\t<\/div>\n\t\t\t\t\t<\/div>\n\t\t\t\t<\/div>\n\t\t\t\t<section class=\"elementor-section elementor-top-section elementor-element elementor-element-660a7d2 elementor-section-boxed elementor-section-height-default elementor-section-height-default\" data-id=\"660a7d2\" data-element_type=\"section\" data-settings=\"{&quot;background_background&quot;:&quot;gradient&quot;}\">\n\t\t\t\t\t\t<div class=\"elementor-container elementor-column-gap-no\">\n\t\t\t\t\t<div class=\"elementor-column elementor-col-33 elementor-top-column elementor-element elementor-element-7e69c0f\" data-id=\"7e69c0f\" data-element_type=\"column\">\n\t\t\t<div class=\"elementor-widget-wrap elementor-element-populated\">\n\t\t\t\t\t\t<div class=\"elementor-element elementor-element-558a233 elementor-widget elementor-widget-heading\" data-id=\"558a233\" data-element_type=\"widget\" data-widget_type=\"heading.default\">\n\t\t\t\t<div class=\"elementor-widget-container\">\n\t\t\t<h2 class=\"elementor-heading-title elementor-size-default\">Nuestros Valores<\/h2>\t\t<\/div>\n\t\t\t\t<\/div>\n\t\t\t\t<div class=\"elementor-element elementor-element-0687c72 elementor-widget elementor-widget-raven-image\" data-id=\"0687c72\" data-element_type=\"widget\" data-widget_type=\"raven-image.default\">\n\t\t\t\t<div class=\"elementor-widget-container\">\n\t\t\t\t\t<div class=\"raven-image raven-switch-image\">\n\t\t\n\t\t\n\t\t<img fetchpriority=\"high\" decoding=\"async\" width=\"740\" height=\"493\" src=\"https:\/\/sygsuministros.com\/wp-content\/uploads\/2024\/06\/grupo-personas-trabajando-plan-negocios-oficina_1303-15861.avif\" class=\"attachment-full size-full wp-image-776\" alt=\"\" srcset=\"https:\/\/sygsuministros.com\/wp-content\/uploads\/2024\/06\/grupo-personas-trabajando-plan-negocios-oficina_1303-15861.avif 740w, https:\/\/sygsuministros.com\/wp-content\/uploads\/2024\/06\/grupo-personas-trabajando-plan-negocios-oficina_1303-15861-300x200.avif 300w\" sizes=\"(max-width: 740px) 100vw, 740px\" \/><img decoding=\"async\" width=\"740\" height=\"493\" src=\"https:\/\/sygsuministros.com\/wp-content\/uploads\/2024\/06\/concepto-exito-empresarial-vista-superior-mesa-madera-manos-protegiendo-figuras-madera-personas_176474-9273.jpg\" class=\"attachment-full size-full wp-image-775\" alt=\"\" srcset=\"https:\/\/sygsuministros.com\/wp-content\/uploads\/2024\/06\/concepto-exito-empresarial-vista-superior-mesa-madera-manos-protegiendo-figuras-madera-personas_176474-9273.jpg 740w, https:\/\/sygsuministros.com\/wp-content\/uploads\/2024\/06\/concepto-exito-empresarial-vista-superior-mesa-madera-manos-protegiendo-figuras-madera-personas_176474-9273-300x200.jpg 300w\" sizes=\"(max-width: 740px) 100vw, 740px\" \/>\t\t<\/div>\n\t\t\t\t<\/div>\n\t\t\t\t<\/div>\n\t\t\t\t\t<\/div>\n\t\t<\/div>\n\t\t\t\t<div class=\"elementor-column elementor-col-33 elementor-top-column elementor-element elementor-element-7148fcd\" data-id=\"7148fcd\" data-element_type=\"column\">\n\t\t\t<div class=\"elementor-widget-wrap elementor-element-populated\">\n\t\t\t\t\t\t<div class=\"elementor-element elementor-element-5d50b56 elementor-widget__width-initial elementor-widget-mobile__width-initial elementor-position-top elementor-widget elementor-widget-image-box\" data-id=\"5d50b56\" data-element_type=\"widget\" data-widget_type=\"image-box.default\">\n\t\t\t\t<div class=\"elementor-widget-container\">\n\t\t\t<style>\/*! elementor - v3.21.0 - 26-05-2024 *\/\n.elementor-widget-image-box .elementor-image-box-content{width:100%}@media (min-width:768px){.elementor-widget-image-box.elementor-position-left .elementor-image-box-wrapper,.elementor-widget-image-box.elementor-position-right .elementor-image-box-wrapper{display:flex}.elementor-widget-image-box.elementor-position-right .elementor-image-box-wrapper{text-align:end;flex-direction:row-reverse}.elementor-widget-image-box.elementor-position-left .elementor-image-box-wrapper{text-align:start;flex-direction:row}.elementor-widget-image-box.elementor-position-top .elementor-image-box-img{margin:auto}.elementor-widget-image-box.elementor-vertical-align-top .elementor-image-box-wrapper{align-items:flex-start}.elementor-widget-image-box.elementor-vertical-align-middle .elementor-image-box-wrapper{align-items:center}.elementor-widget-image-box.elementor-vertical-align-bottom .elementor-image-box-wrapper{align-items:flex-end}}@media (max-width:767px){.elementor-widget-image-box .elementor-image-box-img{margin-left:auto!important;margin-right:auto!important;margin-bottom:15px}}.elementor-widget-image-box .elementor-image-box-img{display:inline-block}.elementor-widget-image-box .elementor-image-box-title a{color:inherit}.elementor-widget-image-box .elementor-image-box-wrapper{text-align:center}.elementor-widget-image-box .elementor-image-box-description{margin:0}<\/style><div class=\"elementor-image-box-wrapper\"><figure class=\"elementor-image-box-img\"><img decoding=\"async\" width=\"40\" height=\"35\" src=\"https:\/\/sygsuministros.com\/wp-content\/uploads\/2020\/05\/about-icon1-1.svg\" class=\"attachment-full size-full wp-image-43\" alt=\"\" \/><\/figure><div class=\"elementor-image-box-content\"><h5 class=\"elementor-image-box-title\">Compromiso<\/h5><p class=\"elementor-image-box-description\">Calidad y satisfacci\u00f3n del cliente en cada proyecto, guiados por nuestros valores fundamentales.<\/p><\/div><\/div>\t\t<\/div>\n\t\t\t\t<\/div>\n\t\t\t\t<div class=\"elementor-element elementor-element-039399a elementor-position-top elementor-widget elementor-widget-image-box\" data-id=\"039399a\" data-element_type=\"widget\" data-widget_type=\"image-box.default\">\n\t\t\t\t<div class=\"elementor-widget-container\">\n\t\t\t<div class=\"elementor-image-box-wrapper\"><figure class=\"elementor-image-box-img\"><img loading=\"lazy\" decoding=\"async\" width=\"40\" height=\"32\" src=\"https:\/\/sygsuministros.com\/wp-content\/uploads\/2020\/05\/about-icon3-1.svg\" class=\"attachment-full size-full wp-image-45\" alt=\"\" \/><\/figure><div class=\"elementor-image-box-content\"><h5 class=\"elementor-image-box-title\">Responsabilidad<\/h5><p class=\"elementor-image-box-description\">Integridad y transparencia en todas las operaciones empresariales y comunitarias.<\/p><\/div><\/div>\t\t<\/div>\n\t\t\t\t<\/div>\n\t\t\t\t\t<\/div>\n\t\t<\/div>\n\t\t\t\t<div class=\"elementor-column elementor-col-33 elementor-top-column elementor-element elementor-element-be25016\" data-id=\"be25016\" data-element_type=\"column\">\n\t\t\t<div class=\"elementor-widget-wrap elementor-element-populated\">\n\t\t\t\t\t\t<div class=\"elementor-element elementor-element-dc91b8e elementor-position-top elementor-widget elementor-widget-image-box\" data-id=\"dc91b8e\" data-element_type=\"widget\" data-widget_type=\"image-box.default\">\n\t\t\t\t<div class=\"elementor-widget-container\">\n\t\t\t<div class=\"elementor-image-box-wrapper\"><figure class=\"elementor-image-box-img\"><img loading=\"lazy\" decoding=\"async\" width=\"37\" height=\"37\" src=\"https:\/\/sygsuministros.com\/wp-content\/uploads\/2020\/05\/about-icon2-1.svg\" class=\"attachment-full size-full wp-image-44\" alt=\"\" \/><\/figure><div class=\"elementor-image-box-content\"><h5 class=\"elementor-image-box-title\">Innovaci\u00f3n<\/h5><p class=\"elementor-image-box-description\">Mejora continua para adaptarnos eficazmente a las necesidades cambiantes del mercado.<\/p><\/div><\/div>\t\t<\/div>\n\t\t\t\t<\/div>\n\t\t\t\t<div class=\"elementor-element elementor-element-23d5d5e elementor-position-top elementor-widget elementor-widget-image-box\" data-id=\"23d5d5e\" data-element_type=\"widget\" data-widget_type=\"image-box.default\">\n\t\t\t\t<div class=\"elementor-widget-container\">\n\t\t\t<div class=\"elementor-image-box-wrapper\"><figure class=\"elementor-image-box-img\"><img loading=\"lazy\" decoding=\"async\" width=\"40\" height=\"38\" src=\"https:\/\/sygsuministros.com\/wp-content\/uploads\/2020\/05\/about-icon4-1.svg\" class=\"attachment-full size-full wp-image-46\" alt=\"\" \/><\/figure><div class=\"elementor-image-box-content\"><h5 class=\"elementor-image-box-title\">Sostenibilidad<\/h5><p class=\"elementor-image-box-description\">Compromiso con pr\u00e1cticas sostenibles que respeten el medio ambiente y las comunidades locales.<\/p><\/div><\/div>\t\t<\/div>\n\t\t\t\t<\/div>\n\t\t\t\t\t<\/div>\n\t\t<\/div>\n\t\t\t\t\t<\/div>\n\t\t<\/section>\n\t\t<div class=\"elementor-element elementor-element-3eaba94 e-flex e-con-boxed e-con e-parent\" data-id=\"3eaba94\" data-element_type=\"container\">\n\t\t\t\t\t<div class=\"e-con-inner\">\n\t\t<div class=\"elementor-element elementor-element-5dfc268 e-con-full e-flex e-con e-child\" data-id=\"5dfc268\" data-element_type=\"container\">\n\t\t\t\t<div class=\"elementor-element elementor-element-b0f687b elementor-widget elementor-widget-raven-image\" data-id=\"b0f687b\" data-element_type=\"widget\" data-widget_type=\"raven-image.default\">\n\t\t\t\t<div class=\"elementor-widget-container\">\n\t\t\t\t\t<div class=\"raven-image\">\n\t\t\n\t\t\n\t\t<img loading=\"lazy\" decoding=\"async\" width=\"2560\" height=\"1703\" src=\"https:\/\/sygsuministros.com\/wp-content\/uploads\/2024\/06\/office-workers-working-together-as-team-scaled.jpg\" class=\"attachment-full size-full wp-image-686\" alt=\"\" srcset=\"https:\/\/sygsuministros.com\/wp-content\/uploads\/2024\/06\/office-workers-working-together-as-team-scaled.jpg 2560w, https:\/\/sygsuministros.com\/wp-content\/uploads\/2024\/06\/office-workers-working-together-as-team-300x200.jpg 300w, https:\/\/sygsuministros.com\/wp-content\/uploads\/2024\/06\/office-workers-working-together-as-team-1024x681.jpg 1024w, https:\/\/sygsuministros.com\/wp-content\/uploads\/2024\/06\/office-workers-working-together-as-team-768x511.jpg 768w, https:\/\/sygsuministros.com\/wp-content\/uploads\/2024\/06\/office-workers-working-together-as-team-1536x1022.jpg 1536w, https:\/\/sygsuministros.com\/wp-content\/uploads\/2024\/06\/office-workers-working-together-as-team-2048x1363.jpg 2048w\" sizes=\"(max-width: 2560px) 100vw, 2560px\" \/>\t\t<\/div>\n\t\t\t\t<\/div>\n\t\t\t\t<\/div>\n\t\t\t\t<\/div>\n\t\t<div class=\"elementor-element elementor-element-ed83f12 e-con-full e-flex e-con e-child\" data-id=\"ed83f12\" data-element_type=\"container\">\n\t\t\t\t<div class=\"elementor-element elementor-element-30b6c09 elementor-widget elementor-widget-heading\" data-id=\"30b6c09\" data-element_type=\"widget\" data-widget_type=\"heading.default\">\n\t\t\t\t<div class=\"elementor-widget-container\">\n\t\t\t<h2 class=\"elementor-heading-title elementor-size-default\">Nuestro Equipo<\/h2>\t\t<\/div>\n\t\t\t\t<\/div>\n\t\t\t\t<div class=\"elementor-element elementor-element-8cd4d6e elementor-widget elementor-widget-text-editor\" data-id=\"8cd4d6e\" data-element_type=\"widget\" data-widget_type=\"text-editor.default\">\n\t\t\t\t<div class=\"elementor-widget-container\">\n\t\t\t\t\t\t\t<p><span style=\"text-align: var(--text-align);\">Contamos con un equipo de profesionales altamente capacitados y dedicados que trabajan arduamente para asegurar que nuestros clientes reciban el mejor servicio posible. La experiencia y el conocimiento de nuestro equipo son fundamentales para nuestro \u00e9xito y crecimiento continuo.<\/span><\/p>\t\t\t\t\t\t<\/div>\n\t\t\t\t<\/div>\n\t\t\t\t<\/div>\n\t\t<div class=\"elementor-element elementor-element-33b80ea e-con-full e-flex e-con e-child\" data-id=\"33b80ea\" data-element_type=\"container\">\n\t\t\t\t<div class=\"elementor-element elementor-element-ca1b467 elementor-widget elementor-widget-heading\" data-id=\"ca1b467\" data-element_type=\"widget\" data-widget_type=\"heading.default\">\n\t\t\t\t<div class=\"elementor-widget-container\">\n\t\t\t<h2 class=\"elementor-heading-title elementor-size-default\">Nuestra Historia<\/h2>\t\t<\/div>\n\t\t\t\t<\/div>\n\t\t\t\t<div class=\"elementor-element elementor-element-78d6719 elementor-widget elementor-widget-text-editor\" data-id=\"78d6719\" data-element_type=\"widget\" data-widget_type=\"text-editor.default\">\n\t\t\t\t<div class=\"elementor-widget-container\">\n\t\t\t\t\t\t\t<p>Desde nuestra fundaci\u00f3n, hemos evolucionado y crecido, adapt\u00e1ndonos a las nuevas tecnolog\u00edas y necesidades del mercado. Nuestro compromiso con la innovaci\u00f3n y la calidad nos ha permitido establecernos como un referente en el sector.<\/p>\t\t\t\t\t\t<\/div>\n\t\t\t\t<\/div>\n\t\t\t\t<\/div>\n\t\t<div class=\"elementor-element elementor-element-43264c5 e-con-full e-flex e-con e-child\" data-id=\"43264c5\" data-element_type=\"container\">\n\t\t\t\t<div class=\"elementor-element elementor-element-add7e86 elementor-widget elementor-widget-raven-photo-roller\" data-id=\"add7e86\" data-element_type=\"widget\" data-settings=\"{&quot;max_height&quot;:{&quot;unit&quot;:&quot;px&quot;,&quot;size&quot;:&quot;&quot;,&quot;sizes&quot;:[]},&quot;max_height_tablet&quot;:{&quot;unit&quot;:&quot;px&quot;,&quot;size&quot;:&quot;&quot;,&quot;sizes&quot;:[]},&quot;max_height_mobile&quot;:{&quot;unit&quot;:&quot;px&quot;,&quot;size&quot;:&quot;&quot;,&quot;sizes&quot;:[]}}\" data-widget_type=\"raven-photo-roller.default\">\n\t\t\t\t<div class=\"elementor-widget-container\">\n\t\t\t<style type=\"text\/css\">.raven-photo-roller-add7e86 .raven-photo-roller-frame:after { background-image: url(https:\/\/sygsuministros.com\/wp-content\/uploads\/2024\/06\/businesspeople-planning-tasks-with-sticky-notes-768x481.jpg); }.raven-photo-roller-add7e86 .raven-photo-roller-frame, .raven-photo-roller-add7e86 .raven-photo-roller-frame img { width: 768px; height: 481px; }<\/style>\t\t<div class=\"raven-photo-roller raven-photo-roller-add7e86\">\n\t\t\t<div class=\"raven-photo-roller-frame\">\n\t\t\t\t<picture>\n\t\t\t\t\t\t\t\t\t\t<img decoding=\"async\" class=\"raven-photo-roller-frame-img\" src=\"https:\/\/sygsuministros.com\/wp-content\/uploads\/2024\/06\/businesspeople-planning-tasks-with-sticky-notes-768x481.jpg\" alt=\"\" itemprop=\"image\">\n\t\t\t\t<\/picture>\n\t\t\t<\/div>\n\t\t<\/div>\n\t\t\t\t<\/div>\n\t\t\t\t<\/div>\n\t\t\t\t<\/div>\n\t\t\t\t\t<\/div>\n\t\t\t\t<\/div>\n\t\t<div class=\"elementor-element elementor-element-82908ed e-flex e-con-boxed e-con e-parent\" data-id=\"82908ed\" data-element_type=\"container\">\n\t\t\t\t\t<div class=\"e-con-inner\">\n\t\t\t\t<div class=\"elementor-element elementor-element-1eb3913 elementor-widget elementor-widget-heading\" data-id=\"1eb3913\" data-element_type=\"widget\" data-widget_type=\"heading.default\">\n\t\t\t\t<div class=\"elementor-widget-container\">\n\t\t\t<h2 class=\"elementor-heading-title elementor-size-default\">Cont\u00e1ctanos<\/h2>\t\t<\/div>\n\t\t\t\t<\/div>\n\t\t\t\t<div class=\"elementor-element elementor-element-cdf5e38 elementor-widget elementor-widget-text-editor\" data-id=\"cdf5e38\" data-element_type=\"widget\" data-widget_type=\"text-editor.default\">\n\t\t\t\t<div class=\"elementor-widget-container\">\n\t\t\t\t\t\t\t<p>Estamos aqu\u00ed para ayudarte. Si tienes alguna pregunta o necesitas m\u00e1s informaci\u00f3n sobre nuestros servicios, no dudes en contactarnos. Estamos siempre disponibles para atender tus necesidades.<\/p>\t\t\t\t\t\t<\/div>\n\t\t\t\t<\/div>\n\t\t\t\t<div class=\"elementor-element elementor-element-03ac6f4 elementor-align-center elementor-widget elementor-widget-button\" data-id=\"03ac6f4\" data-element_type=\"widget\" data-settings=\"{&quot;raven_motion_effects_scrolling&quot;:&quot;yes&quot;,&quot;raven_motion_effects_devices&quot;:[&quot;desktop&quot;,&quot;tablet&quot;,&quot;mobile&quot;]}\" data-widget_type=\"button.default\">\n\t\t\t\t<div class=\"elementor-widget-container\">\n\t\t\t\t\t<div class=\"elementor-button-wrapper\">\n\t\t\t<a class=\"elementor-button elementor-button-link elementor-size-sm elementor-animation-bounce-in\" href=\"https:\/\/sygsuministros.com\/index.php\/contact\/\">\n\t\t\t\t\t\t<span class=\"elementor-button-content-wrapper\">\n\t\t\t\t\t\t\t\t\t<span class=\"elementor-button-text\">Haz clic aqu\u00ed<\/span>\n\t\t\t\t\t<\/span>\n\t\t\t\t\t<\/a>\n\t\t<\/div>\n\t\t\t\t<\/div>\n\t\t\t\t<\/div>\n\t\t\t\t\t<\/div>\n\t\t\t\t<\/div>\n\t\t\t\t<\/div>\n\t\t","protected":false},"excerpt":{"rendered":"<p>Nosotros Home NUESTRA EMPRESA En S&#038;G Suministros somos l\u00edderes en el sector de suministro multifuncional. Nuestra dedicaci\u00f3n a la excelencia y la satisfacci\u00f3n del cliente nos distingue en el mercado. Misi\u00f3n Ofrecer servicios de calidad mediante un equipo capacitado, permitiendo a los clientes enfocarse en su crecimiento mientras nos encargamos de ejecutar sus proyectos con [&hellip;]<\/p>\n","protected":false},"author":1,"featured_media":0,"parent":0,"menu_order":0,"comment_status":"closed","ping_status":"closed","template":"full-width.php","meta":{"footnotes":""},"class_list":["post-75","page","type-page","status-publish","hentry"],"_links":{"self":[{"href":"https:\/\/sygsuministros.com\/index.php\/wp-json\/wp\/v2\/pages\/75","targetHints":{"allow":["GET"]}}],"collection":[{"href":"https:\/\/sygsuministros.com\/index.php\/wp-json\/wp\/v2\/pages"}],"about":[{"href":"https:\/\/sygsuministros.com\/index.php\/wp-json\/wp\/v2\/types\/page"}],"author":[{"embeddable":true,"href":"https:\/\/sygsuministros.com\/index.php\/wp-json\/wp\/v2\/users\/1"}],"replies":[{"embeddable":true,"href":"https:\/\/sygsuministros.com\/index.php\/wp-json\/wp\/v2\/comments?post=75"}],"version-history":[{"count":43,"href":"https:\/\/sygsuministros.com\/index.php\/wp-json\/wp\/v2\/pages\/75\/revisions"}],"predecessor-version":[{"id":836,"href":"https:\/\/sygsuministros.com\/index.php\/wp-json\/wp\/v2\/pages\/75\/revisions\/836"}],"wp:attachment":[{"href":"https:\/\/sygsuministros.com\/index.php\/wp-json\/wp\/v2\/media?parent=75"}],"curies":[{"name":"wp","href":"https:\/\/api.w.org\/{rel}","templated":true}]}}