{"id":79,"date":"2020-05-27T07:05:28","date_gmt":"2020-05-27T07:05:28","guid":{"rendered":"https:\/\/jupiterx.artbees.net\/loan\/?page_id=79"},"modified":"2024-06-19T16:28:52","modified_gmt":"2024-06-19T21:28:52","slug":"services","status":"publish","type":"page","link":"https:\/\/sygsuministros.com\/index.php\/services\/","title":{"rendered":"Services"},"content":{"rendered":"\t\t<div data-elementor-type=\"wp-page\" data-elementor-id=\"79\" class=\"elementor elementor-79\">\n\t\t\t\t\t\t<section class=\"elementor-section elementor-top-section elementor-element elementor-element-bf08a5a elementor-section-boxed elementor-section-height-default elementor-section-height-default\" data-id=\"bf08a5a\" data-element_type=\"section\" data-settings=\"{&quot;background_background&quot;:&quot;classic&quot;}\">\n\t\t\t\t\t\t\t<div class=\"elementor-background-overlay\"><\/div>\n\t\t\t\t\t\t\t<div class=\"elementor-container elementor-column-gap-no\">\n\t\t\t\t\t<div class=\"elementor-column elementor-col-100 elementor-top-column elementor-element elementor-element-5173858\" data-id=\"5173858\" data-element_type=\"column\">\n\t\t\t<div class=\"elementor-widget-wrap elementor-element-populated\">\n\t\t\t\t\t\t<div class=\"elementor-element elementor-element-882018c elementor-widget elementor-widget-heading\" data-id=\"882018c\" data-element_type=\"widget\" data-widget_type=\"heading.default\">\n\t\t\t\t<div class=\"elementor-widget-container\">\n\t\t\t<style>\/*! elementor - v3.21.0 - 26-05-2024 *\/\n.elementor-heading-title{padding:0;margin:0;line-height:1}.elementor-widget-heading .elementor-heading-title[class*=elementor-size-]>a{color:inherit;font-size:inherit;line-height:inherit}.elementor-widget-heading .elementor-heading-title.elementor-size-small{font-size:15px}.elementor-widget-heading .elementor-heading-title.elementor-size-medium{font-size:19px}.elementor-widget-heading .elementor-heading-title.elementor-size-large{font-size:29px}.elementor-widget-heading .elementor-heading-title.elementor-size-xl{font-size:39px}.elementor-widget-heading .elementor-heading-title.elementor-size-xxl{font-size:59px}<\/style><h1 class=\"elementor-heading-title elementor-size-default\">Servicios<\/h1>\t\t<\/div>\n\t\t\t\t<\/div>\n\t\t\t\t<div class=\"elementor-element elementor-element-7d01714 elementor-align-center elementor-widget elementor-widget-raven-breadcrumbs\" data-id=\"7d01714\" data-element_type=\"widget\" data-widget_type=\"raven-breadcrumbs.default\">\n\t\t\t\t<div class=\"elementor-widget-container\">\n\t\t\t<div class=\"raven-breadcrumbs raven-breadcrumbs-default\"><div class=\"breadcrumb\">\t\t\t\t<div class=\"breadcrumb-item active\" aria-current=\"page\"><span>Home<\/span><\/div>\n\n\t\t\t\t<\/div><\/div>\t\t<\/div>\n\t\t\t\t<\/div>\n\t\t\t\t\t<\/div>\n\t\t<\/div>\n\t\t\t\t\t<\/div>\n\t\t<\/section>\n\t\t\t\t<section class=\"elementor-section elementor-top-section elementor-element elementor-element-9694ea6 elementor-section-boxed elementor-section-height-default elementor-section-height-default\" data-id=\"9694ea6\" data-element_type=\"section\">\n\t\t\t\t\t\t<div class=\"elementor-container elementor-column-gap-no\">\n\t\t\t\t\t<div class=\"elementor-column elementor-col-100 elementor-top-column elementor-element elementor-element-07d8632\" data-id=\"07d8632\" data-element_type=\"column\">\n\t\t\t<div class=\"elementor-widget-wrap elementor-element-populated\">\n\t\t\t\t\t\t<div class=\"elementor-element elementor-element-2f50057 elementor-widget elementor-widget-heading\" data-id=\"2f50057\" data-element_type=\"widget\" data-widget_type=\"heading.default\">\n\t\t\t\t<div class=\"elementor-widget-container\">\n\t\t\t<span class=\"elementor-heading-title elementor-size-default\">NUESTROS SERVICIOS<\/span>\t\t<\/div>\n\t\t\t\t<\/div>\n\t\t\t\t<div class=\"elementor-element elementor-element-3c61302 elementor-widget elementor-widget-heading\" data-id=\"3c61302\" data-element_type=\"widget\" data-widget_type=\"heading.default\">\n\t\t\t\t<div class=\"elementor-widget-container\">\n\t\t\t<h2 class=\"elementor-heading-title elementor-size-default\">Nuestra variedad de servicios especializados<\/h2>\t\t<\/div>\n\t\t\t\t<\/div>\n\t\t\t\t\t<\/div>\n\t\t<\/div>\n\t\t\t\t\t<\/div>\n\t\t<\/section>\n\t\t\t\t<section class=\"elementor-section elementor-top-section elementor-element elementor-element-68e32cf elementor-section-boxed elementor-section-height-default elementor-section-height-default\" data-id=\"68e32cf\" data-element_type=\"section\">\n\t\t\t\t\t\t<div class=\"elementor-container elementor-column-gap-no\">\n\t\t\t\t\t<div class=\"elementor-column elementor-col-33 elementor-top-column elementor-element elementor-element-96b4531\" data-id=\"96b4531\" data-element_type=\"column\">\n\t\t\t<div class=\"elementor-widget-wrap elementor-element-populated\">\n\t\t\t\t\t\t<div class=\"elementor-element elementor-element-e520dde elementor-position-top elementor-widget elementor-widget-image-box\" data-id=\"e520dde\" data-element_type=\"widget\" data-widget_type=\"image-box.default\">\n\t\t\t\t<div class=\"elementor-widget-container\">\n\t\t\t<style>\/*! elementor - v3.21.0 - 26-05-2024 *\/\n.elementor-widget-image-box .elementor-image-box-content{width:100%}@media (min-width:768px){.elementor-widget-image-box.elementor-position-left .elementor-image-box-wrapper,.elementor-widget-image-box.elementor-position-right .elementor-image-box-wrapper{display:flex}.elementor-widget-image-box.elementor-position-right .elementor-image-box-wrapper{text-align:end;flex-direction:row-reverse}.elementor-widget-image-box.elementor-position-left .elementor-image-box-wrapper{text-align:start;flex-direction:row}.elementor-widget-image-box.elementor-position-top .elementor-image-box-img{margin:auto}.elementor-widget-image-box.elementor-vertical-align-top .elementor-image-box-wrapper{align-items:flex-start}.elementor-widget-image-box.elementor-vertical-align-middle .elementor-image-box-wrapper{align-items:center}.elementor-widget-image-box.elementor-vertical-align-bottom .elementor-image-box-wrapper{align-items:flex-end}}@media (max-width:767px){.elementor-widget-image-box .elementor-image-box-img{margin-left:auto!important;margin-right:auto!important;margin-bottom:15px}}.elementor-widget-image-box .elementor-image-box-img{display:inline-block}.elementor-widget-image-box .elementor-image-box-title a{color:inherit}.elementor-widget-image-box .elementor-image-box-wrapper{text-align:center}.elementor-widget-image-box .elementor-image-box-description{margin:0}<\/style><div class=\"elementor-image-box-wrapper\"><figure class=\"elementor-image-box-img\"><img fetchpriority=\"high\" decoding=\"async\" width=\"2560\" height=\"1706\" src=\"https:\/\/sygsuministros.com\/wp-content\/uploads\/2024\/06\/courier-delivering-groceries-home-scaled.jpg\" class=\"attachment-full size-full wp-image-714\" alt=\"\" srcset=\"https:\/\/sygsuministros.com\/wp-content\/uploads\/2024\/06\/courier-delivering-groceries-home-scaled.jpg 2560w, https:\/\/sygsuministros.com\/wp-content\/uploads\/2024\/06\/courier-delivering-groceries-home-300x200.jpg 300w, https:\/\/sygsuministros.com\/wp-content\/uploads\/2024\/06\/courier-delivering-groceries-home-1024x683.jpg 1024w, https:\/\/sygsuministros.com\/wp-content\/uploads\/2024\/06\/courier-delivering-groceries-home-768x512.jpg 768w, https:\/\/sygsuministros.com\/wp-content\/uploads\/2024\/06\/courier-delivering-groceries-home-1536x1024.jpg 1536w, https:\/\/sygsuministros.com\/wp-content\/uploads\/2024\/06\/courier-delivering-groceries-home-2048x1365.jpg 2048w\" sizes=\"(max-width: 2560px) 100vw, 2560px\" \/><\/figure><div class=\"elementor-image-box-content\"><h4 class=\"elementor-image-box-title\">Suministro de v\u00edveres<br><\/h4><p class=\"elementor-image-box-description\"><br>Provisi\u00f3n eficiente de alimentos y productos b\u00e1sicos, garantizando calidad y puntualidad en cada entrega.<\/p><\/div><\/div>\t\t<\/div>\n\t\t\t\t<\/div>\n\t\t\t\t<div class=\"elementor-element elementor-element-208e5a0 elementor-position-top elementor-widget elementor-widget-image-box\" data-id=\"208e5a0\" data-element_type=\"widget\" data-widget_type=\"image-box.default\">\n\t\t\t\t<div class=\"elementor-widget-container\">\n\t\t\t<div class=\"elementor-image-box-wrapper\"><figure class=\"elementor-image-box-img\"><img decoding=\"async\" width=\"7900\" height=\"5267\" src=\"https:\/\/sygsuministros.com\/wp-content\/uploads\/2024\/06\/medium-shot-smiley-man-warehouse.jpg\" class=\"attachment-full size-full wp-image-716\" alt=\"\" srcset=\"https:\/\/sygsuministros.com\/wp-content\/uploads\/2024\/06\/medium-shot-smiley-man-warehouse.jpg 7900w, https:\/\/sygsuministros.com\/wp-content\/uploads\/2024\/06\/medium-shot-smiley-man-warehouse-300x200.jpg 300w, https:\/\/sygsuministros.com\/wp-content\/uploads\/2024\/06\/medium-shot-smiley-man-warehouse-1024x683.jpg 1024w, https:\/\/sygsuministros.com\/wp-content\/uploads\/2024\/06\/medium-shot-smiley-man-warehouse-768x512.jpg 768w, https:\/\/sygsuministros.com\/wp-content\/uploads\/2024\/06\/medium-shot-smiley-man-warehouse-1536x1024.jpg 1536w\" sizes=\"(max-width: 7900px) 100vw, 7900px\" \/><\/figure><div class=\"elementor-image-box-content\"><h5 class=\"elementor-image-box-title\">Operador log\u00edstico<\/h5><p class=\"elementor-image-box-description\">Gesti\u00f3n integral de la cadena de suministro, optimizando almacenamiento, transporte y distribuci\u00f3n.<\/p><\/div><\/div>\t\t<\/div>\n\t\t\t\t<\/div>\n\t\t\t\t\t<\/div>\n\t\t<\/div>\n\t\t\t\t<div class=\"elementor-column elementor-col-33 elementor-top-column elementor-element elementor-element-ff64d83\" data-id=\"ff64d83\" data-element_type=\"column\">\n\t\t\t<div class=\"elementor-widget-wrap elementor-element-populated\">\n\t\t\t\t\t\t<div class=\"elementor-element elementor-element-48dfbf5 elementor-position-top elementor-widget elementor-widget-image-box\" data-id=\"48dfbf5\" data-element_type=\"widget\" data-widget_type=\"image-box.default\">\n\t\t\t\t<div class=\"elementor-widget-container\">\n\t\t\t<div class=\"elementor-image-box-wrapper\"><figure class=\"elementor-image-box-img\"><img decoding=\"async\" width=\"2560\" height=\"1707\" src=\"https:\/\/sygsuministros.com\/wp-content\/uploads\/2024\/06\/man-electrical-technician-working-switchboard-with-fuses-uses-tablet-scaled.jpg\" class=\"attachment-full size-full wp-image-715\" alt=\"\" srcset=\"https:\/\/sygsuministros.com\/wp-content\/uploads\/2024\/06\/man-electrical-technician-working-switchboard-with-fuses-uses-tablet-scaled.jpg 2560w, https:\/\/sygsuministros.com\/wp-content\/uploads\/2024\/06\/man-electrical-technician-working-switchboard-with-fuses-uses-tablet-300x200.jpg 300w, https:\/\/sygsuministros.com\/wp-content\/uploads\/2024\/06\/man-electrical-technician-working-switchboard-with-fuses-uses-tablet-1024x683.jpg 1024w, https:\/\/sygsuministros.com\/wp-content\/uploads\/2024\/06\/man-electrical-technician-working-switchboard-with-fuses-uses-tablet-768x512.jpg 768w, https:\/\/sygsuministros.com\/wp-content\/uploads\/2024\/06\/man-electrical-technician-working-switchboard-with-fuses-uses-tablet-1536x1024.jpg 1536w, https:\/\/sygsuministros.com\/wp-content\/uploads\/2024\/06\/man-electrical-technician-working-switchboard-with-fuses-uses-tablet-2048x1365.jpg 2048w\" sizes=\"(max-width: 2560px) 100vw, 2560px\" \/><\/figure><div class=\"elementor-image-box-content\"><h4 class=\"elementor-image-box-title\">Mantenimiento de torres de control<\/h4><p class=\"elementor-image-box-description\"><br>Inspecci\u00f3n, reparaci\u00f3n y conservaci\u00f3n de torres de control, asegurando operatividad y seguridad.<\/p><\/div><\/div>\t\t<\/div>\n\t\t\t\t<\/div>\n\t\t\t\t<div class=\"elementor-element elementor-element-6ca5de0 elementor-position-top elementor-widget elementor-widget-image-box\" data-id=\"6ca5de0\" data-element_type=\"widget\" data-widget_type=\"image-box.default\">\n\t\t\t\t<div class=\"elementor-widget-container\">\n\t\t\t<div class=\"elementor-image-box-wrapper\"><figure class=\"elementor-image-box-img\"><img loading=\"lazy\" decoding=\"async\" width=\"2560\" height=\"1707\" src=\"https:\/\/sygsuministros.com\/wp-content\/uploads\/2024\/06\/building-construction-workers-site-scaled.jpg\" class=\"attachment-full size-full wp-image-717\" alt=\"\" srcset=\"https:\/\/sygsuministros.com\/wp-content\/uploads\/2024\/06\/building-construction-workers-site-scaled.jpg 2560w, https:\/\/sygsuministros.com\/wp-content\/uploads\/2024\/06\/building-construction-workers-site-300x200.jpg 300w, https:\/\/sygsuministros.com\/wp-content\/uploads\/2024\/06\/building-construction-workers-site-1024x683.jpg 1024w, https:\/\/sygsuministros.com\/wp-content\/uploads\/2024\/06\/building-construction-workers-site-768x512.jpg 768w, https:\/\/sygsuministros.com\/wp-content\/uploads\/2024\/06\/building-construction-workers-site-1536x1024.jpg 1536w, https:\/\/sygsuministros.com\/wp-content\/uploads\/2024\/06\/building-construction-workers-site-2048x1365.jpg 2048w\" sizes=\"(max-width: 2560px) 100vw, 2560px\" \/><\/figure><div class=\"elementor-image-box-content\"><h5 class=\"elementor-image-box-title\">Obra civil:<\/h5><p class=\"elementor-image-box-description\">Ejecuci\u00f3n de proyectos de construcci\u00f3n y mantenimiento de infraestructuras civiles con altos est\u00e1ndares de calidad y seguridad.<\/p><\/div><\/div>\t\t<\/div>\n\t\t\t\t<\/div>\n\t\t\t\t\t<\/div>\n\t\t<\/div>\n\t\t\t\t<div class=\"elementor-column elementor-col-33 elementor-top-column elementor-element elementor-element-ec6e510\" data-id=\"ec6e510\" data-element_type=\"column\">\n\t\t\t<div class=\"elementor-widget-wrap elementor-element-populated\">\n\t\t\t\t\t\t<div class=\"elementor-element elementor-element-70cbd46 elementor-position-top elementor-widget elementor-widget-image-box\" data-id=\"70cbd46\" data-element_type=\"widget\" data-widget_type=\"image-box.default\">\n\t\t\t\t<div class=\"elementor-widget-container\">\n\t\t\t<div class=\"elementor-image-box-wrapper\"><figure class=\"elementor-image-box-img\"><img loading=\"lazy\" decoding=\"async\" width=\"740\" height=\"493\" src=\"https:\/\/sygsuministros.com\/wp-content\/uploads\/2024\/06\/varias-cajas-canasta-alimentos-dos-banderas-sobre-fondo-azul-concepto-comercio-china-estados-unidos-america_437105-2209.jpg\" class=\"attachment-full size-full wp-image-719\" alt=\"\" srcset=\"https:\/\/sygsuministros.com\/wp-content\/uploads\/2024\/06\/varias-cajas-canasta-alimentos-dos-banderas-sobre-fondo-azul-concepto-comercio-china-estados-unidos-america_437105-2209.jpg 740w, https:\/\/sygsuministros.com\/wp-content\/uploads\/2024\/06\/varias-cajas-canasta-alimentos-dos-banderas-sobre-fondo-azul-concepto-comercio-china-estados-unidos-america_437105-2209-300x200.jpg 300w\" sizes=\"(max-width: 740px) 100vw, 740px\" \/><\/figure><div class=\"elementor-image-box-content\"><h4 class=\"elementor-image-box-title\">Importacion de maquinaria y tecnolog\u00eda desde China <\/h4><p class=\"elementor-image-box-description\">Importaci\u00f3n y distribuci\u00f3n de equipos tecnol\u00f3gicos de vanguardia desde China y Estados Unidos.\n\n<\/p><\/div><\/div>\t\t<\/div>\n\t\t\t\t<\/div>\n\t\t\t\t<div class=\"elementor-element elementor-element-a05230c elementor-position-top elementor-widget elementor-widget-image-box\" data-id=\"a05230c\" data-element_type=\"widget\" data-widget_type=\"image-box.default\">\n\t\t\t\t<div class=\"elementor-widget-container\">\n\t\t\t<div class=\"elementor-image-box-wrapper\"><figure class=\"elementor-image-box-img\"><img loading=\"lazy\" decoding=\"async\" width=\"740\" height=\"493\" src=\"https:\/\/sygsuministros.com\/wp-content\/uploads\/2024\/06\/soportes-desiertos-pequeno-campo-deportivo-playa-dia-lluvioso_105751-12214.jpg\" class=\"attachment-full size-full wp-image-720\" alt=\"\" srcset=\"https:\/\/sygsuministros.com\/wp-content\/uploads\/2024\/06\/soportes-desiertos-pequeno-campo-deportivo-playa-dia-lluvioso_105751-12214.jpg 740w, https:\/\/sygsuministros.com\/wp-content\/uploads\/2024\/06\/soportes-desiertos-pequeno-campo-deportivo-playa-dia-lluvioso_105751-12214-300x200.jpg 300w\" sizes=\"(max-width: 740px) 100vw, 740px\" \/><\/figure><div class=\"elementor-image-box-content\"><h6 class=\"elementor-image-box-title\">Construcci\u00f3n de canchas<\/h6><p class=\"elementor-image-box-description\">Dise\u00f1o y construcci\u00f3n de instalaciones deportivas, asegurando durabilidad y funcionalidad seg\u00fan especificaciones del cliente.<\/p><\/div><\/div>\t\t<\/div>\n\t\t\t\t<\/div>\n\t\t\t\t\t<\/div>\n\t\t<\/div>\n\t\t\t\t\t<\/div>\n\t\t<\/section>\n\t\t\t\t<section class=\"elementor-section elementor-top-section elementor-element elementor-element-e16b6ea elementor-section-boxed elementor-section-height-default elementor-section-height-default\" data-id=\"e16b6ea\" data-element_type=\"section\" data-settings=\"{&quot;background_background&quot;:&quot;classic&quot;}\">\n\t\t\t\t\t\t<div class=\"elementor-container elementor-column-gap-no\">\n\t\t\t\t\t<div class=\"elementor-column elementor-col-50 elementor-top-column elementor-element elementor-element-3ceda54\" data-id=\"3ceda54\" data-element_type=\"column\">\n\t\t\t<div class=\"elementor-widget-wrap elementor-element-populated\">\n\t\t\t\t\t\t<div class=\"elementor-element elementor-element-3cebe7c elementor-widget elementor-widget-heading\" data-id=\"3cebe7c\" data-element_type=\"widget\" data-widget_type=\"heading.default\">\n\t\t\t\t<div class=\"elementor-widget-container\">\n\t\t\t<h3 class=\"elementor-heading-title elementor-size-default\">\u00a1Cont\u00e1ctanos y potencia tu crecimiento con S&G Suministros!<\/h3>\t\t<\/div>\n\t\t\t\t<\/div>\n\t\t\t\t\t<\/div>\n\t\t<\/div>\n\t\t\t\t<div class=\"elementor-column elementor-col-50 elementor-top-column elementor-element elementor-element-9570fc0\" data-id=\"9570fc0\" data-element_type=\"column\">\n\t\t\t<div class=\"elementor-widget-wrap elementor-element-populated\">\n\t\t\t\t\t\t<div class=\"elementor-element elementor-element-7729e29 elementor-align-right elementor-mobile-align-center elementor-widget elementor-widget-raven-button\" data-id=\"7729e29\" data-element_type=\"widget\" data-settings=\"{&quot;turn_to_popup_action_button&quot;:&quot;no&quot;}\" data-widget_type=\"raven-button.default\">\n\t\t\t\t<div class=\"elementor-widget-container\">\n\t\t\t\t\t<div class=\"raven-widget-wrapper\">\n\t\t\t<a class=\"raven-button raven-button-widget-normal-effect-none elementor-button raven-button-text-align-center raven-button-link elementor-animation-none\" href=\"https:\/\/sygsuministros.com\/index.php\/contact\/\">\t\t\t\t<div class=\"raven-button-overlay\" ><\/div>\n\t\t\t\t<span class=\"raven-button-content\">\n\t\t\t\t\t\n\t\t\t\t\t<div class=\"button-text-container\">\n\t\t\t\t\t\t\t\t\t\t\t\t<div class=\"raven-button-texts-wrapper\">\n\t\t\t\t\t\t\t<div class=\"button-text\">\n\t\t\t\t\t\t\t\t<span class=\"raven-button-text\">\n\t\t\t\t\t\t\t\t\tContactanos \u00bb\t\t\t\t\t\t\t\t<\/span>\n\t\t\t\t\t\t\t<\/div>\n\t\t\t\t\t\t\t\t\t\t\t\t\t<\/div>\n\t\t\t\t\t\t\t\t\t\t\t<\/div>\n\t\t\t\t\t\n\t\t\t\t\t\t\t\t\t<\/span>\n\t\t\t<\/a>\t\t<\/div>\n\t\t\t\t<\/div>\n\t\t\t\t<\/div>\n\t\t\t\t\t<\/div>\n\t\t<\/div>\n\t\t\t\t\t<\/div>\n\t\t<\/section>\n\t\t\t\t<\/div>\n\t\t","protected":false},"excerpt":{"rendered":"<p>Servicios Home NUESTROS SERVICIOS Nuestra variedad de servicios especializados Suministro de v\u00edveres Provisi\u00f3n eficiente de alimentos y productos b\u00e1sicos, garantizando calidad y puntualidad en cada entrega. Operador log\u00edstico Gesti\u00f3n integral de la cadena de suministro, optimizando almacenamiento, transporte y distribuci\u00f3n. Mantenimiento de torres de control Inspecci\u00f3n, reparaci\u00f3n y conservaci\u00f3n de torres de control, asegurando operatividad [&hellip;]<\/p>\n","protected":false},"author":1,"featured_media":0,"parent":0,"menu_order":0,"comment_status":"closed","ping_status":"closed","template":"full-width.php","meta":{"footnotes":""},"class_list":["post-79","page","type-page","status-publish","hentry"],"_links":{"self":[{"href":"https:\/\/sygsuministros.com\/index.php\/wp-json\/wp\/v2\/pages\/79","targetHints":{"allow":["GET"]}}],"collection":[{"href":"https:\/\/sygsuministros.com\/index.php\/wp-json\/wp\/v2\/pages"}],"about":[{"href":"https:\/\/sygsuministros.com\/index.php\/wp-json\/wp\/v2\/types\/page"}],"author":[{"embeddable":true,"href":"https:\/\/sygsuministros.com\/index.php\/wp-json\/wp\/v2\/users\/1"}],"replies":[{"embeddable":true,"href":"https:\/\/sygsuministros.com\/index.php\/wp-json\/wp\/v2\/comments?post=79"}],"version-history":[{"count":11,"href":"https:\/\/sygsuministros.com\/index.php\/wp-json\/wp\/v2\/pages\/79\/revisions"}],"predecessor-version":[{"id":784,"href":"https:\/\/sygsuministros.com\/index.php\/wp-json\/wp\/v2\/pages\/79\/revisions\/784"}],"wp:attachment":[{"href":"https:\/\/sygsuministros.com\/index.php\/wp-json\/wp\/v2\/media?parent=79"}],"curies":[{"name":"wp","href":"https:\/\/api.w.org\/{rel}","templated":true}]}}